{"id":392,"date":"2020-03-06T07:48:13","date_gmt":"2020-03-06T07:48:13","guid":{"rendered":"http:\/\/source.wpopal.com\/winwood\/?page_id=392"},"modified":"2025-04-25T00:50:07","modified_gmt":"2025-04-24T22:50:07","slug":"kontaktieren-sie-uns","status":"publish","type":"page","link":"https:\/\/www.trekdesertmaroc.com\/de\/kontaktieren-sie-uns\/","title":{"rendered":"Kontaktieren Sie uns"},"content":{"rendered":"<div data-elementor-type=\"wp-page\" data-elementor-id=\"392\" class=\"elementor elementor-392\" data-elementor-settings=\"{&quot;ha_cmc_init_switcher&quot;:&quot;no&quot;}\" data-elementor-post-type=\"page\">\n\t\t\t\t\t\t<section class=\"elementor-section elementor-top-section elementor-element elementor-element-20704ad elementor-section-stretched elementor-section-boxed elementor-section-height-default elementor-section-height-default\" data-id=\"20704ad\" data-element_type=\"section\" data-settings=\"{&quot;stretch_section&quot;:&quot;section-stretched&quot;,&quot;_ha_eqh_enable&quot;:false}\">\n\t\t\t\t\t\t<div class=\"elementor-container elementor-column-gap-no\">\n\t\t\t\t\t<div class=\"elementor-column elementor-col-100 elementor-top-column elementor-element elementor-element-79d9cb2\" data-id=\"79d9cb2\" data-element_type=\"column\">\n\t\t\t<div class=\"elementor-widget-wrap elementor-element-populated\">\n\t\t\t\t\t\t<div class=\"elementor-element elementor-element-e14a957 elementor-widget elementor-widget-heading\" data-id=\"e14a957\" data-element_type=\"widget\" data-widget_type=\"heading.default\">\n\t\t\t\t\t<h2 class=\"elementor-heading-title elementor-size-default\">Wie Sie uns kontaktieren k\u00f6nnen <\/h2>\t\t\t\t<\/div>\n\t\t\t\t<div class=\"elementor-element elementor-element-3c64b02 elementor-view-default elementor-widget elementor-widget-icon\" data-id=\"3c64b02\" data-element_type=\"widget\" data-widget_type=\"icon.default\">\n\t\t\t\t\t\t\t<div class=\"elementor-icon-wrapper\">\n\t\t\t<div class=\"elementor-icon\">\n\t\t\t<i aria-hidden=\"true\" class=\"winwood-icon- winwood-icon-title-decor\"><\/i>\t\t\t<\/div>\n\t\t<\/div>\n\t\t\t\t\t\t<\/div>\n\t\t\t\t\t<\/div>\n\t\t<\/div>\n\t\t\t\t\t<\/div>\n\t\t<\/section>\n\t\t\t\t<section class=\"elementor-section elementor-top-section elementor-element elementor-element-126ff4d elementor-section-stretched elementor-section-boxed elementor-section-height-default elementor-section-height-default\" data-id=\"126ff4d\" data-element_type=\"section\" data-settings=\"{&quot;stretch_section&quot;:&quot;section-stretched&quot;,&quot;_ha_eqh_enable&quot;:false}\">\n\t\t\t\t\t\t<div class=\"elementor-container elementor-column-gap-no\">\n\t\t\t\t\t<div class=\"elementor-column elementor-col-100 elementor-top-column elementor-element elementor-element-616c8bf img-mask\" data-id=\"616c8bf\" data-element_type=\"column\" data-settings=\"{&quot;background_background&quot;:&quot;classic&quot;}\">\n\t\t\t<div class=\"elementor-widget-wrap elementor-element-populated\">\n\t\t\t\t\t\t<div class=\"elementor-element elementor-element-c5ff0ff elementor-widget elementor-widget-heading\" data-id=\"c5ff0ff\" data-element_type=\"widget\" data-widget_type=\"heading.default\">\n\t\t\t\t\t<h2 class=\"elementor-heading-title elementor-size-default\">Adresse <\/h2>\t\t\t\t<\/div>\n\t\t\t\t<div class=\"elementor-element elementor-element-e465b21 elementor-widget elementor-widget-text-editor\" data-id=\"e465b21\" data-element_type=\"widget\" data-widget_type=\"text-editor.default\">\n\t\t\t\t\t\t\t\t\t<p>M'Hamid El Ghizlane<\/p>\t\t\t\t\t\t\t\t<\/div>\n\t\t\t\t<div class=\"elementor-element elementor-element-db9a91f elementor-widget elementor-widget-text-editor\" data-id=\"db9a91f\" data-element_type=\"widget\" data-widget_type=\"text-editor.default\">\n\t\t\t\t\t\t\t\t\t<p>(+212) 06 69 71 06 88<\/p>\t\t\t\t\t\t\t\t<\/div>\n\t\t\t\t<div class=\"elementor-element elementor-element-ac08dc6 elementor-widget elementor-widget-text-editor\" data-id=\"ac08dc6\" data-element_type=\"widget\" data-widget_type=\"text-editor.default\">\n\t\t\t\t\t\t\t\t\t<p>\u00d6ffnungszeiten:<\/p>\t\t\t\t\t\t\t\t<\/div>\n\t\t\t\t<div class=\"elementor-element elementor-element-37ff4dc elementor-widget elementor-widget-text-editor\" data-id=\"37ff4dc\" data-element_type=\"widget\" data-widget_type=\"text-editor.default\">\n\t\t\t\t\t\t\t\t\t<p>8.00 - 21.00 Uhr Montag bis Freitag<br \/>8.00 - 19.00 Uhr Samstag und Feiertage<br \/>9.00 - 19.00 Uhr am Sonntag<\/p>\t\t\t\t\t\t\t\t<\/div>\n\t\t\t\t<div class=\"elementor-element elementor-element-088a2fa elementor-tablet-align-center elementor-align-center elementor-widget elementor-widget-winwood-button\" data-id=\"088a2fa\" data-element_type=\"widget\" data-widget_type=\"winwood-button.default\">\n\t\t\t\t<div class=\"elementor-widget-container\">\n\t\t\t\t\t        <div class=\"elementor-button-wrapper\">\n            <a href=\"#\" class=\"elementor-button-link elementor-button default\" role=\"button\">\n                Rufen Sie uns an             <\/a>\n        <\/div>\n        \t\t\t\t<\/div>\n\t\t\t\t<\/div>\n\t\t\t\t\t<\/div>\n\t\t<\/div>\n\t\t\t\t\t<\/div>\n\t\t<\/section>\n\t\t\t\t<section class=\"elementor-section elementor-top-section elementor-element elementor-element-7605daf elementor-section-stretched elementor-section-boxed elementor-section-height-default elementor-section-height-default\" data-id=\"7605daf\" data-element_type=\"section\" data-settings=\"{&quot;stretch_section&quot;:&quot;section-stretched&quot;,&quot;_ha_eqh_enable&quot;:false}\">\n\t\t\t\t\t\t<div class=\"elementor-container elementor-column-gap-no\">\n\t\t\t\t\t<div class=\"elementor-column elementor-col-100 elementor-top-column elementor-element elementor-element-da75246\" data-id=\"da75246\" data-element_type=\"column\">\n\t\t\t<div class=\"elementor-widget-wrap elementor-element-populated\">\n\t\t\t\t\t\t<div class=\"elementor-element elementor-element-c686b2d elementor-widget elementor-widget-heading\" data-id=\"c686b2d\" data-element_type=\"widget\" data-widget_type=\"heading.default\">\n\t\t\t\t\t<h2 class=\"elementor-heading-title elementor-size-default\">Hinterlassen Sie eine Nachricht<\/h2>\t\t\t\t<\/div>\n\t\t\t\t<div class=\"elementor-element elementor-element-4f9bf27 elementor-view-default elementor-widget elementor-widget-icon\" data-id=\"4f9bf27\" data-element_type=\"widget\" data-widget_type=\"icon.default\">\n\t\t\t\t\t\t\t<div class=\"elementor-icon-wrapper\">\n\t\t\t<div class=\"elementor-icon\">\n\t\t\t<i aria-hidden=\"true\" class=\"winwood-icon- winwood-icon-title-decor\"><\/i>\t\t\t<\/div>\n\t\t<\/div>\n\t\t\t\t\t\t<\/div>\n\t\t\t\t<div class=\"elementor-element elementor-element-3a8b184 elementor-widget elementor-widget-winwood-contactform\" data-id=\"3a8b184\" data-element_type=\"widget\" data-widget_type=\"winwood-contactform.default\">\n\t\t\t\t<div class=\"elementor-widget-container\">\n\t\t\t\t\t\n<div class=\"wpcf7 no-js\" id=\"wpcf7-f32-o1\" lang=\"en-US\" dir=\"ltr\" data-wpcf7-id=\"32\">\n<div class=\"screen-reader-response\"><p role=\"status\" aria-live=\"polite\" aria-atomic=\"true\"><\/p> <ul><\/ul><\/div>\n<form action=\"\/de\/wp-json\/wp\/v2\/pages\/392#wpcf7-f32-o1\" method=\"post\" class=\"wpcf7-form init\" aria-label=\"Contact form\" novalidate=\"novalidate\" data-status=\"init\" data-trp-original-action=\"\/de\/wp-json\/wp\/v2\/pages\/392#wpcf7-f32-o1\">\n<fieldset class=\"hidden-fields-container\"><input type=\"hidden\" name=\"_wpcf7\" value=\"32\" \/><input type=\"hidden\" name=\"_wpcf7_version\" value=\"6.1.5\" \/><input type=\"hidden\" name=\"_wpcf7_locale\" value=\"en_US\" \/><input type=\"hidden\" name=\"_wpcf7_unit_tag\" value=\"wpcf7-f32-o1\" \/><input type=\"hidden\" name=\"_wpcf7_container_post\" value=\"0\" \/><input type=\"hidden\" name=\"_wpcf7_posted_data_hash\" value=\"\" \/><input type=\"hidden\" name=\"_wpcf7dtx_version\" value=\"5.0.5\" \/>\n<\/fieldset>\n<div class=\"row\">\n\t<div class=\"column-12 column-tablet-6\">\n\t\t<p><label> Name &amp; Vorname *<\/label><span class=\"wpcf7-form-control-wrap\" data-name=\"your-name\"><input size=\"40\" maxlength=\"400\" class=\"wpcf7-form-control wpcf7-text wpcf7-validates-as-required\" aria-required=\"true\" aria-invalid=\"false\" placeholder=\"e.g., John Doe\" value=\"\" type=\"text\" name=\"your-name\" \/><\/span><br \/>\n<label> Telefon* <\/label><span class=\"wpcf7-form-control-wrap\" data-name=\"tel-749\"><input size=\"40\" maxlength=\"400\" class=\"wpcf7-form-control wpcf7-tel wpcf7-text wpcf7-validates-as-tel\" aria-invalid=\"false\" placeholder=\"Nummer Telefon\" value=\"\" type=\"tel\" name=\"tel-749\" \/><\/span>\n\t\t<\/p>\n\t<\/div>\n\t<div class=\"column-12 column-tablet-6\">\n\t\t<p><label> Email* <\/label><span class=\"wpcf7-form-control-wrap\" data-name=\"your-email\"><input size=\"40\" maxlength=\"400\" class=\"wpcf7-form-control wpcf7-email wpcf7-validates-as-required wpcf7-text wpcf7-validates-as-email\" aria-required=\"true\" aria-invalid=\"false\" placeholder=\"name@example.com\" value=\"\" type=\"email\" name=\"your-email\" \/><\/span><br \/>\n<label> Thema <\/label><span class=\"wpcf7-form-control-wrap\" data-name=\"your-subject\"><input size=\"40\" maxlength=\"400\" class=\"wpcf7-form-control wpcf7-text\" aria-invalid=\"false\" placeholder=\"Thema\" value=\"\" type=\"text\" name=\"your-subject\" \/><\/span>\n\t\t<\/p>\n\t<\/div>\n\t<div class=\"column-12\">\n\t\t<p><label> Nachricht <\/label><span class=\"wpcf7-form-control-wrap\" data-name=\"your-message\"><textarea cols=\"40\" rows=\"3\" maxlength=\"2000\" class=\"wpcf7-form-control wpcf7-textarea\" aria-invalid=\"false\" placeholder=\"Nachricht\" name=\"your-message\"><\/textarea><\/span>\n\t\t<\/p>\n\t<\/div>\n<\/div>\n<p><input class=\"wpcf7-form-control wpcf7-submit has-spinner\" type=\"submit\" value=\"Senden Sie\" \/>\n<\/p><div class=\"wpcf7-response-output\" aria-hidden=\"true\"><\/div>\n<input type=\"hidden\" name=\"trp-form-language\" value=\"de\"\/><\/form>\n<\/div>\n\t\t\t\t<\/div>\n\t\t\t\t<\/div>\n\t\t\t\t\t<\/div>\n\t\t<\/div>\n\t\t\t\t\t<\/div>\n\t\t<\/section>\n\t\t\t\t<section class=\"elementor-section elementor-top-section elementor-element elementor-element-8c71bc0 elementor-section-boxed elementor-section-height-default elementor-section-height-default\" data-id=\"8c71bc0\" data-element_type=\"section\" data-settings=\"{&quot;_ha_eqh_enable&quot;:false}\">\n\t\t\t\t\t\t<div class=\"elementor-container elementor-column-gap-default\">\n\t\t\t\t\t<div class=\"elementor-column elementor-col-100 elementor-top-column elementor-element elementor-element-c2af832\" data-id=\"c2af832\" data-element_type=\"column\">\n\t\t\t<div class=\"elementor-widget-wrap elementor-element-populated\">\n\t\t\t\t\t\t<div class=\"elementor-element elementor-element-fb376b6 elementor-widget elementor-widget-html\" data-id=\"fb376b6\" data-element_type=\"widget\" data-widget_type=\"html.default\">\n\t\t\t\t\t<iframe \r\n  src=\"https:\/\/www.google.com\/maps\/embed?pb=!1m18!1m12!1m3!1d2710.4226842392255!2d-5.731987923083688!3d29.825643681050423!2m3!1f0!2f0!3f0!3m2!1i1024!2i768!4f13.1!3m3!1m2!1s0x279607f522e81ac9%3A0x3f3034a607748f2e!2sTrek%20D%C3%A9sert%20Maroc!5e0!3m2!1sen!2sma!4v1713998014899!5m2!1sen!2sma\" \r\n  width=\"100%\" \r\n  height=\"300\" \r\n  style=\"border:0; border-radius: 8px;\" \r\n  allowfullscreen=\"\" \r\n  loading=\"lazy\" \r\n  referrerpolicy=\"no-referrer-when-downgrade\">\r\n<\/iframe>\r\n\t\t\t\t<\/div>\n\t\t\t\t\t<\/div>\n\t\t<\/div>\n\t\t\t\t\t<\/div>\n\t\t<\/section>\n\t\t\t\t<\/div>","protected":false},"excerpt":{"rendered":"<p>Comment nous contacter Adresse M&#8217;Hamid El Ghizlane (+212) 06 69 71 06 88 Heures d&#8217;ouverture : 8h00 \u2013 21h00 du lundi au vendredi8h00 \u2013 19h00 samedi et jours f\u00e9ri\u00e9s9h00 \u2013 19h00 le dimanche Appelez-nous Laissez un message Nom &#038; Pr\u00e9nom * T\u00e9l\u00e9phone* Email* Sujet Message<\/p>","protected":false},"author":7,"featured_media":0,"parent":0,"menu_order":0,"comment_status":"closed","ping_status":"closed","template":"elementor_header_footer","meta":{"_acf_changed":false,"footnotes":""},"class_list":["post-392","page","type-page","status-publish","hentry"],"acf":[],"yoast_head":"<!-- This site is optimized with the Yoast SEO Premium plugin v21.8 (Yoast SEO v27.5) - https:\/\/yoast.com\/product\/yoast-seo-premium-wordpress\/ -->\n<title>Contactez-nous - Trek D\u00e9sert Maroc<\/title>\n<meta name=\"robots\" content=\"index, follow, max-snippet:-1, max-image-preview:large, max-video-preview:-1\" \/>\n<link rel=\"canonical\" href=\"https:\/\/www.trekdesertmaroc.com\/de\/kontaktieren-sie-uns\/\" \/>\n<meta property=\"og:locale\" content=\"de_DE\" \/>\n<meta property=\"og:type\" content=\"article\" \/>\n<meta property=\"og:title\" content=\"Contactez-nous\" \/>\n<meta property=\"og:description\" content=\"Comment nous contacter Adresse M&#8217;Hamid El Ghizlane (+212) 06 69 71 06 88 Heures d&#8217;ouverture : 8h00 \u2013 21h00 du lundi au vendredi8h00 \u2013 19h00 samedi et jours f\u00e9ri\u00e9s9h00 \u2013 19h00 le dimanche Appelez-nous Laissez un message Nom &#038; Pr\u00e9nom * T\u00e9l\u00e9phone* Email* Sujet Message\" \/>\n<meta property=\"og:url\" content=\"https:\/\/www.trekdesertmaroc.com\/de\/kontaktieren-sie-uns\/\" \/>\n<meta property=\"og:site_name\" content=\"Trek D\u00e9sert Maroc\" \/>\n<meta property=\"article:modified_time\" content=\"2025-04-24T22:50:07+00:00\" \/>\n<meta name=\"twitter:card\" content=\"summary_large_image\" \/>\n<meta name=\"twitter:label1\" content=\"Gesch\u00e4tzte Lesezeit\" \/>\n\t<meta name=\"twitter:data1\" content=\"1\u00a0Minute\" \/>\n<script type=\"application\/ld+json\" class=\"yoast-schema-graph\">{\"@context\":\"https:\\\/\\\/schema.org\",\"@graph\":[{\"@type\":\"WebPage\",\"@id\":\"https:\\\/\\\/www.trekdesertmaroc.com\\\/contactez-nous\\\/\",\"url\":\"https:\\\/\\\/www.trekdesertmaroc.com\\\/contactez-nous\\\/\",\"name\":\"Contactez-nous - Trek D\u00e9sert Maroc\",\"isPartOf\":{\"@id\":\"https:\\\/\\\/www.trekdesertmaroc.com\\\/#website\"},\"datePublished\":\"2020-03-06T07:48:13+00:00\",\"dateModified\":\"2025-04-24T22:50:07+00:00\",\"breadcrumb\":{\"@id\":\"https:\\\/\\\/www.trekdesertmaroc.com\\\/contactez-nous\\\/#breadcrumb\"},\"inLanguage\":\"de\",\"potentialAction\":[{\"@type\":\"ReadAction\",\"target\":[\"https:\\\/\\\/www.trekdesertmaroc.com\\\/contactez-nous\\\/\"]}]},{\"@type\":\"BreadcrumbList\",\"@id\":\"https:\\\/\\\/www.trekdesertmaroc.com\\\/contactez-nous\\\/#breadcrumb\",\"itemListElement\":[{\"@type\":\"ListItem\",\"position\":1,\"name\":\"Home\",\"item\":\"https:\\\/\\\/www.trekdesertmaroc.com\\\/\"},{\"@type\":\"ListItem\",\"position\":2,\"name\":\"Contactez-nous\"}]},{\"@type\":\"WebSite\",\"@id\":\"https:\\\/\\\/www.trekdesertmaroc.com\\\/#website\",\"url\":\"https:\\\/\\\/www.trekdesertmaroc.com\\\/\",\"name\":\"Trek D\u00e9sert Maroc\",\"description\":\"\",\"publisher\":{\"@id\":\"https:\\\/\\\/www.trekdesertmaroc.com\\\/#organization\"},\"potentialAction\":[{\"@type\":\"SearchAction\",\"target\":{\"@type\":\"EntryPoint\",\"urlTemplate\":\"https:\\\/\\\/www.trekdesertmaroc.com\\\/?s={search_term_string}\"},\"query-input\":{\"@type\":\"PropertyValueSpecification\",\"valueRequired\":true,\"valueName\":\"search_term_string\"}}],\"inLanguage\":\"de\"},{\"@type\":\"Organization\",\"@id\":\"https:\\\/\\\/www.trekdesertmaroc.com\\\/#organization\",\"name\":\"Trek D\u00e9sert Maroc\",\"url\":\"https:\\\/\\\/www.trekdesertmaroc.com\\\/\",\"logo\":{\"@type\":\"ImageObject\",\"inLanguage\":\"de\",\"@id\":\"https:\\\/\\\/www.trekdesertmaroc.com\\\/#\\\/schema\\\/logo\\\/image\\\/\",\"url\":\"https:\\\/\\\/www.trekdesertmaroc.com\\\/wp-content\\\/uploads\\\/2020\\\/03\\\/cropped-favicon.png\",\"contentUrl\":\"https:\\\/\\\/www.trekdesertmaroc.com\\\/wp-content\\\/uploads\\\/2020\\\/03\\\/cropped-favicon.png\",\"width\":512,\"height\":512,\"caption\":\"Trek D\u00e9sert Maroc\"},\"image\":{\"@id\":\"https:\\\/\\\/www.trekdesertmaroc.com\\\/#\\\/schema\\\/logo\\\/image\\\/\"}}]}<\/script>\n<!-- \/ Yoast SEO Premium plugin. -->","yoast_head_json":{"title":"Kontaktieren Sie uns - Trek W\u00fcste Marokko","robots":{"index":"index","follow":"follow","max-snippet":"max-snippet:-1","max-image-preview":"max-image-preview:large","max-video-preview":"max-video-preview:-1"},"canonical":"https:\/\/www.trekdesertmaroc.com\/de\/kontaktieren-sie-uns\/","og_locale":"de_DE","og_type":"article","og_title":"Contactez-nous","og_description":"Comment nous contacter Adresse M&#8217;Hamid El Ghizlane (+212) 06 69 71 06 88 Heures d&#8217;ouverture : 8h00 \u2013 21h00 du lundi au vendredi8h00 \u2013 19h00 samedi et jours f\u00e9ri\u00e9s9h00 \u2013 19h00 le dimanche Appelez-nous Laissez un message Nom &#038; Pr\u00e9nom * T\u00e9l\u00e9phone* Email* Sujet Message","og_url":"https:\/\/www.trekdesertmaroc.com\/de\/kontaktieren-sie-uns\/","og_site_name":"Trek D\u00e9sert Maroc","article_modified_time":"2025-04-24T22:50:07+00:00","twitter_card":"summary_large_image","twitter_misc":{"Gesch\u00e4tzte Lesezeit":"1\u00a0Minute"},"schema":{"@context":"https:\/\/schema.org","@graph":[{"@type":"WebPage","@id":"https:\/\/www.trekdesertmaroc.com\/contactez-nous\/","url":"https:\/\/www.trekdesertmaroc.com\/contactez-nous\/","name":"Kontaktieren Sie uns - Trek W\u00fcste Marokko","isPartOf":{"@id":"https:\/\/www.trekdesertmaroc.com\/#website"},"datePublished":"2020-03-06T07:48:13+00:00","dateModified":"2025-04-24T22:50:07+00:00","breadcrumb":{"@id":"https:\/\/www.trekdesertmaroc.com\/contactez-nous\/#breadcrumb"},"inLanguage":"de","potentialAction":[{"@type":"ReadAction","target":["https:\/\/www.trekdesertmaroc.com\/contactez-nous\/"]}]},{"@type":"BreadcrumbList","@id":"https:\/\/www.trekdesertmaroc.com\/contactez-nous\/#breadcrumb","itemListElement":[{"@type":"ListItem","position":1,"name":"Home","item":"https:\/\/www.trekdesertmaroc.com\/"},{"@type":"ListItem","position":2,"name":"Contactez-nous"}]},{"@type":"WebSite","@id":"https:\/\/www.trekdesertmaroc.com\/#website","url":"https:\/\/www.trekdesertmaroc.com\/","name":"W\u00fcsten-Trekking in Marokko","description":"","publisher":{"@id":"https:\/\/www.trekdesertmaroc.com\/#organization"},"potentialAction":[{"@type":"SearchAction","target":{"@type":"EntryPoint","urlTemplate":"https:\/\/www.trekdesertmaroc.com\/?s={search_term_string}"},"query-input":{"@type":"PropertyValueSpecification","valueRequired":true,"valueName":"search_term_string"}}],"inLanguage":"de"},{"@type":"Organization","@id":"https:\/\/www.trekdesertmaroc.com\/#organization","name":"W\u00fcsten-Trekking in Marokko","url":"https:\/\/www.trekdesertmaroc.com\/","logo":{"@type":"ImageObject","inLanguage":"de","@id":"https:\/\/www.trekdesertmaroc.com\/#\/schema\/logo\/image\/","url":"https:\/\/www.trekdesertmaroc.com\/wp-content\/uploads\/2020\/03\/cropped-favicon.png","contentUrl":"https:\/\/www.trekdesertmaroc.com\/wp-content\/uploads\/2020\/03\/cropped-favicon.png","width":512,"height":512,"caption":"Trek D\u00e9sert Maroc"},"image":{"@id":"https:\/\/www.trekdesertmaroc.com\/#\/schema\/logo\/image\/"}}]}},"_links":{"self":[{"href":"https:\/\/www.trekdesertmaroc.com\/de\/wp-json\/wp\/v2\/pages\/392","targetHints":{"allow":["GET"]}}],"collection":[{"href":"https:\/\/www.trekdesertmaroc.com\/de\/wp-json\/wp\/v2\/pages"}],"about":[{"href":"https:\/\/www.trekdesertmaroc.com\/de\/wp-json\/wp\/v2\/types\/page"}],"author":[{"embeddable":true,"href":"https:\/\/www.trekdesertmaroc.com\/de\/wp-json\/wp\/v2\/users\/7"}],"replies":[{"embeddable":true,"href":"https:\/\/www.trekdesertmaroc.com\/de\/wp-json\/wp\/v2\/comments?post=392"}],"version-history":[{"count":0,"href":"https:\/\/www.trekdesertmaroc.com\/de\/wp-json\/wp\/v2\/pages\/392\/revisions"}],"wp:attachment":[{"href":"https:\/\/www.trekdesertmaroc.com\/de\/wp-json\/wp\/v2\/media?parent=392"}],"curies":[{"name":"wp","href":"https:\/\/api.w.org\/{rel}","templated":true}]}}